{"id":44,"date":"2021-04-09T12:39:05","date_gmt":"2021-04-09T12:39:05","guid":{"rendered":"https:\/\/derpersonalist.demoserver-obskura.eu\/?page_id=44"},"modified":"2023-09-10T15:03:35","modified_gmt":"2023-09-10T15:03:35","slug":"impressum","status":"publish","type":"page","link":"https:\/\/derpersonalist.com\/en\/impressum\/","title":{"rendered":"Legal notice"},"content":{"rendered":"\t\t<div data-elementor-type=\"wp-page\" data-elementor-id=\"44\" class=\"elementor elementor-44\" data-elementor-post-type=\"page\">\n\t\t\t\t\t\t<section class=\"elementor-section elementor-top-section elementor-element elementor-element-4dccaafb elementor-section-boxed elementor-section-height-default elementor-section-height-default\" data-id=\"4dccaafb\" data-element_type=\"section\" data-e-type=\"section\" data-settings=\"{&quot;background_background&quot;:&quot;gradient&quot;,&quot;shape_divider_bottom&quot;:&quot;waves&quot;,&quot;jet_parallax_layout_list&quot;:[{&quot;jet_parallax_layout_image&quot;:{&quot;url&quot;:&quot;&quot;,&quot;id&quot;:&quot;&quot;,&quot;size&quot;:&quot;&quot;},&quot;_id&quot;:&quot;752f2bd&quot;,&quot;jet_parallax_layout_image_tablet&quot;:{&quot;url&quot;:&quot;&quot;,&quot;id&quot;:&quot;&quot;,&quot;size&quot;:&quot;&quot;},&quot;jet_parallax_layout_image_mobile&quot;:{&quot;url&quot;:&quot;&quot;,&quot;id&quot;:&quot;&quot;,&quot;size&quot;:&quot;&quot;},&quot;jet_parallax_layout_speed&quot;:{&quot;unit&quot;:&quot;%&quot;,&quot;size&quot;:50,&quot;sizes&quot;:[]},&quot;jet_parallax_layout_type&quot;:&quot;scroll&quot;,&quot;jet_parallax_layout_direction&quot;:&quot;1&quot;,&quot;jet_parallax_layout_fx_direction&quot;:null,&quot;jet_parallax_layout_z_index&quot;:&quot;&quot;,&quot;jet_parallax_layout_bg_x&quot;:50,&quot;jet_parallax_layout_bg_x_tablet&quot;:&quot;&quot;,&quot;jet_parallax_layout_bg_x_mobile&quot;:&quot;&quot;,&quot;jet_parallax_layout_bg_y&quot;:50,&quot;jet_parallax_layout_bg_y_tablet&quot;:&quot;&quot;,&quot;jet_parallax_layout_bg_y_mobile&quot;:&quot;&quot;,&quot;jet_parallax_layout_bg_size&quot;:&quot;auto&quot;,&quot;jet_parallax_layout_bg_size_tablet&quot;:&quot;&quot;,&quot;jet_parallax_layout_bg_size_mobile&quot;:&quot;&quot;,&quot;jet_parallax_layout_animation_prop&quot;:&quot;transform&quot;,&quot;jet_parallax_layout_on&quot;:[&quot;desktop&quot;,&quot;tablet&quot;]}]}\">\n\t\t\t\t\t\t\t<div class=\"elementor-background-overlay\"><\/div>\n\t\t\t\t\t\t<div class=\"elementor-shape elementor-shape-bottom\" aria-hidden=\"true\" data-negative=\"false\">\n\t\t\t<svg xmlns=\"http:\/\/www.w3.org\/2000\/svg\" viewBox=\"0 0 1000 100\" preserveAspectRatio=\"none\">\n\t<path class=\"elementor-shape-fill\" d=\"M421.9,6.5c22.6-2.5,51.5,0.4,75.5,5.3c23.6,4.9,70.9,23.5,100.5,35.7c75.8,32.2,133.7,44.5,192.6,49.7\n\tc23.6,2.1,48.7,3.5,103.4-2.5c54.7-6,106.2-25.6,106.2-25.6V0H0v30.3c0,0,72,32.6,158.4,30.5c39.2-0.7,92.8-6.7,134-22.4\n\tc21.2-8.1,52.2-18.2,79.7-24.2C399.3,7.9,411.6,7.5,421.9,6.5z\"\/>\n<\/svg>\t\t<\/div>\n\t\t\t\t\t<div class=\"elementor-container elementor-column-gap-default\">\n\t\t\t\t\t<div class=\"elementor-column elementor-col-100 elementor-top-column elementor-element elementor-element-17485579\" data-id=\"17485579\" data-element_type=\"column\" data-e-type=\"column\">\n\t\t\t<div class=\"elementor-widget-wrap elementor-element-populated\">\n\t\t\t\t\t\t<div class=\"elementor-element elementor-element-e7a8426 elementor-widget elementor-widget-heading\" data-id=\"e7a8426\" data-element_type=\"widget\" data-e-type=\"widget\" data-settings=\"{&quot;motion_fx_motion_fx_scrolling&quot;:&quot;yes&quot;,&quot;motion_fx_translateY_effect&quot;:&quot;yes&quot;,&quot;motion_fx_translateY_speed&quot;:{&quot;unit&quot;:&quot;px&quot;,&quot;size&quot;:&quot;0.5&quot;,&quot;sizes&quot;:[]},&quot;motion_fx_translateY_affectedRange&quot;:{&quot;unit&quot;:&quot;%&quot;,&quot;size&quot;:&quot;&quot;,&quot;sizes&quot;:{&quot;start&quot;:&quot;0&quot;,&quot;end&quot;:&quot;50&quot;}},&quot;motion_fx_devices&quot;:[&quot;desktop&quot;,&quot;tablet&quot;,&quot;mobile&quot;]}\" data-widget_type=\"heading.default\">\n\t\t\t\t<div class=\"elementor-widget-container\">\n\t\t\t\t\t<h1 class=\"elementor-heading-title elementor-size-default\">Impressum<\/h1>\t\t\t\t<\/div>\n\t\t\t\t<\/div>\n\t\t\t\t\t<\/div>\n\t\t<\/div>\n\t\t\t\t\t<\/div>\n\t\t<\/section>\n\t\t\t\t<section class=\"elementor-section elementor-top-section elementor-element elementor-element-c210281 elementor-section-boxed elementor-section-height-default elementor-section-height-default\" data-id=\"c210281\" data-element_type=\"section\" data-e-type=\"section\" data-settings=\"{&quot;jet_parallax_layout_list&quot;:[{&quot;jet_parallax_layout_image&quot;:{&quot;url&quot;:&quot;&quot;,&quot;id&quot;:&quot;&quot;,&quot;size&quot;:&quot;&quot;},&quot;_id&quot;:&quot;5af69a3&quot;,&quot;jet_parallax_layout_image_tablet&quot;:{&quot;url&quot;:&quot;&quot;,&quot;id&quot;:&quot;&quot;,&quot;size&quot;:&quot;&quot;},&quot;jet_parallax_layout_image_mobile&quot;:{&quot;url&quot;:&quot;&quot;,&quot;id&quot;:&quot;&quot;,&quot;size&quot;:&quot;&quot;},&quot;jet_parallax_layout_speed&quot;:{&quot;unit&quot;:&quot;%&quot;,&quot;size&quot;:50,&quot;sizes&quot;:[]},&quot;jet_parallax_layout_type&quot;:&quot;scroll&quot;,&quot;jet_parallax_layout_direction&quot;:&quot;1&quot;,&quot;jet_parallax_layout_fx_direction&quot;:null,&quot;jet_parallax_layout_z_index&quot;:&quot;&quot;,&quot;jet_parallax_layout_bg_x&quot;:50,&quot;jet_parallax_layout_bg_x_tablet&quot;:&quot;&quot;,&quot;jet_parallax_layout_bg_x_mobile&quot;:&quot;&quot;,&quot;jet_parallax_layout_bg_y&quot;:50,&quot;jet_parallax_layout_bg_y_tablet&quot;:&quot;&quot;,&quot;jet_parallax_layout_bg_y_mobile&quot;:&quot;&quot;,&quot;jet_parallax_layout_bg_size&quot;:&quot;auto&quot;,&quot;jet_parallax_layout_bg_size_tablet&quot;:&quot;&quot;,&quot;jet_parallax_layout_bg_size_mobile&quot;:&quot;&quot;,&quot;jet_parallax_layout_animation_prop&quot;:&quot;transform&quot;,&quot;jet_parallax_layout_on&quot;:[&quot;desktop&quot;,&quot;tablet&quot;]}]}\">\n\t\t\t\t\t\t<div class=\"elementor-container elementor-column-gap-default\">\n\t\t\t\t\t<div class=\"elementor-column elementor-col-100 elementor-top-column elementor-element elementor-element-d574670\" data-id=\"d574670\" data-element_type=\"column\" data-e-type=\"column\">\n\t\t\t<div class=\"elementor-widget-wrap elementor-element-populated\">\n\t\t\t\t\t\t<div class=\"elementor-element elementor-element-50a816f elementor-widget elementor-widget-heading\" data-id=\"50a816f\" data-element_type=\"widget\" data-e-type=\"widget\" data-widget_type=\"heading.default\">\n\t\t\t\t<div class=\"elementor-widget-container\">\n\t\t\t\t\t<h3 class=\"elementor-heading-title elementor-size-default\">Der Personalist.com ist ein Gemeinschaftsprojekt von<\/h3>\t\t\t\t<\/div>\n\t\t\t\t<\/div>\n\t\t\t\t<section class=\"elementor-section elementor-inner-section elementor-element elementor-element-f768b10 elementor-section-content-middle elementor-section-boxed elementor-section-height-default elementor-section-height-default\" data-id=\"f768b10\" data-element_type=\"section\" data-e-type=\"section\" data-settings=\"{&quot;jet_parallax_layout_list&quot;:[{&quot;jet_parallax_layout_image&quot;:{&quot;url&quot;:&quot;&quot;,&quot;id&quot;:&quot;&quot;,&quot;size&quot;:&quot;&quot;},&quot;_id&quot;:&quot;436ccaa&quot;,&quot;jet_parallax_layout_image_tablet&quot;:{&quot;url&quot;:&quot;&quot;,&quot;id&quot;:&quot;&quot;,&quot;size&quot;:&quot;&quot;},&quot;jet_parallax_layout_image_mobile&quot;:{&quot;url&quot;:&quot;&quot;,&quot;id&quot;:&quot;&quot;,&quot;size&quot;:&quot;&quot;},&quot;jet_parallax_layout_speed&quot;:{&quot;unit&quot;:&quot;%&quot;,&quot;size&quot;:50,&quot;sizes&quot;:[]},&quot;jet_parallax_layout_type&quot;:&quot;scroll&quot;,&quot;jet_parallax_layout_direction&quot;:&quot;1&quot;,&quot;jet_parallax_layout_fx_direction&quot;:null,&quot;jet_parallax_layout_z_index&quot;:&quot;&quot;,&quot;jet_parallax_layout_bg_x&quot;:50,&quot;jet_parallax_layout_bg_x_tablet&quot;:&quot;&quot;,&quot;jet_parallax_layout_bg_x_mobile&quot;:&quot;&quot;,&quot;jet_parallax_layout_bg_y&quot;:50,&quot;jet_parallax_layout_bg_y_tablet&quot;:&quot;&quot;,&quot;jet_parallax_layout_bg_y_mobile&quot;:&quot;&quot;,&quot;jet_parallax_layout_bg_size&quot;:&quot;auto&quot;,&quot;jet_parallax_layout_bg_size_tablet&quot;:&quot;&quot;,&quot;jet_parallax_layout_bg_size_mobile&quot;:&quot;&quot;,&quot;jet_parallax_layout_animation_prop&quot;:&quot;transform&quot;,&quot;jet_parallax_layout_on&quot;:[&quot;desktop&quot;,&quot;tablet&quot;]}]}\">\n\t\t\t\t\t\t<div class=\"elementor-container elementor-column-gap-default\">\n\t\t\t\t\t<div class=\"elementor-column elementor-col-33 elementor-inner-column elementor-element elementor-element-c91d53d\" data-id=\"c91d53d\" data-element_type=\"column\" data-e-type=\"column\">\n\t\t\t<div class=\"elementor-widget-wrap elementor-element-populated\">\n\t\t\t\t\t\t<div class=\"elementor-element elementor-element-67e9ea2 elementor-widget elementor-widget-image\" data-id=\"67e9ea2\" data-element_type=\"widget\" data-e-type=\"widget\" data-widget_type=\"image.default\">\n\t\t\t\t<div class=\"elementor-widget-container\">\n\t\t\t\t\t\t\t\t\t\t\t\t\t\t\t\t<a href=\"https:\/\/www.feliciter-consulting.com\/\" target=\"_blank\">\n\t\t\t\t\t\t\t<img fetchpriority=\"high\" decoding=\"async\" width=\"1004\" height=\"189\" src=\"https:\/\/derpersonalist.com\/wp-content\/uploads\/2021\/06\/Feliciter_Logo_85mm-1.jpg\" class=\"attachment-large size-large wp-image-357\" alt=\"Feliciter Consulting\" srcset=\"https:\/\/derpersonalist.com\/wp-content\/uploads\/2021\/06\/Feliciter_Logo_85mm-1.jpg 1004w, https:\/\/derpersonalist.com\/wp-content\/uploads\/2021\/06\/Feliciter_Logo_85mm-1-300x56.jpg 300w, https:\/\/derpersonalist.com\/wp-content\/uploads\/2021\/06\/Feliciter_Logo_85mm-1-768x145.jpg 768w\" sizes=\"(max-width: 1004px) 100vw, 1004px\" \/>\t\t\t\t\t\t\t\t<\/a>\n\t\t\t\t\t\t\t\t\t\t\t\t\t\t\t<\/div>\n\t\t\t\t<\/div>\n\t\t\t\t\t<\/div>\n\t\t<\/div>\n\t\t\t\t<div class=\"elementor-column elementor-col-33 elementor-inner-column elementor-element elementor-element-9c72a91\" data-id=\"9c72a91\" data-element_type=\"column\" data-e-type=\"column\">\n\t\t\t<div class=\"elementor-widget-wrap elementor-element-populated\">\n\t\t\t\t\t\t<div class=\"elementor-element elementor-element-80b5386 elementor-widget elementor-widget-heading\" data-id=\"80b5386\" data-element_type=\"widget\" data-e-type=\"widget\" data-widget_type=\"heading.default\">\n\t\t\t\t<div class=\"elementor-widget-container\">\n\t\t\t\t\t<h5 class=\"elementor-heading-title elementor-size-default\">und<\/h5>\t\t\t\t<\/div>\n\t\t\t\t<\/div>\n\t\t\t\t\t<\/div>\n\t\t<\/div>\n\t\t\t\t<div class=\"elementor-column elementor-col-33 elementor-inner-column elementor-element elementor-element-1ea5d25\" data-id=\"1ea5d25\" data-element_type=\"column\" data-e-type=\"column\">\n\t\t\t<div class=\"elementor-widget-wrap elementor-element-populated\">\n\t\t\t\t\t\t<div class=\"elementor-element elementor-element-d287f43 elementor-widget elementor-widget-image\" data-id=\"d287f43\" data-element_type=\"widget\" data-e-type=\"widget\" data-widget_type=\"image.default\">\n\t\t\t\t<div class=\"elementor-widget-container\">\n\t\t\t\t\t\t\t\t\t\t\t\t\t\t\t\t<a href=\"https:\/\/www.fal-con.eu\/\" target=\"_blank\">\n\t\t\t\t\t\t\t<img decoding=\"async\" width=\"600\" height=\"247\" src=\"https:\/\/derpersonalist.com\/wp-content\/uploads\/2021\/06\/Logo-Falcon.jpg\" class=\"attachment-large size-large wp-image-376\" alt=\"\" srcset=\"https:\/\/derpersonalist.com\/wp-content\/uploads\/2021\/06\/Logo-Falcon.jpg 600w, https:\/\/derpersonalist.com\/wp-content\/uploads\/2021\/06\/Logo-Falcon-300x124.jpg 300w\" sizes=\"(max-width: 600px) 100vw, 600px\" \/>\t\t\t\t\t\t\t\t<\/a>\n\t\t\t\t\t\t\t\t\t\t\t\t\t\t\t<\/div>\n\t\t\t\t<\/div>\n\t\t\t\t\t<\/div>\n\t\t<\/div>\n\t\t\t\t\t<\/div>\n\t\t<\/section>\n\t\t\t\t<div class=\"elementor-element elementor-element-c7783a8 elementor-widget elementor-widget-text-editor\" data-id=\"c7783a8\" data-element_type=\"widget\" data-e-type=\"widget\" data-widget_type=\"text-editor.default\">\n\t\t\t\t<div class=\"elementor-widget-container\">\n\t\t\t\t\t\t\t\t\t<p class=\"font_8\">Informationspflicht laut \u00a75 E-Commerce Gesetz, \u00a714 Unternehmensgesetzbuch, \u00a763 Gewerbeordnung und Offenlegungspflicht laut \u00a725 Mediengesetz<\/p><p class=\"font_8\">Feliciter Consulting und Dienstleistungs GmbH<\/p><p class=\"font_8\">Unternehmensgegenstand:\u00a0Consulting<br \/>UID-Nummer:\u00a0ATU72736104<\/p><p class=\"font_8\">Firmenbuchnummer:\u00a0474342 m<br \/>Firmenbuchgericht: Handelsgericht\u00a0Wien<\/p><p>Gewerbeberechtigungen:<\/p><div class=\"col-md-12\"><div class=\"box-berechtigung\"><ul class=\"link-list link-list--dotted\"><li><a id=\"ctl00_SectionPlaceHolder_agbsBoxes_ctl00_agbsFields_ctl00_fachgruppen_ctl01_BranchenPageLink\" class=\"link-list__link\" title=\"FG Gewerbliche Dienstleister\" href=\"https:\/\/www.wko.at\/service\/dienststelle.html?orgid=20097\" target=\"_blank\" rel=\"noopener\">FG Gewerbliche Dienstleister<\/a><\/li><\/ul><div class=\"row\"><div class=\"col-xs-12\"><p><strong>Arbeitsvermittlung<\/strong><\/p><p>Seit 07.06.2018 f\u00fcr den Standort 1190 Wien, Paradisgasse 14 (kann vom Gr\u00fcndungsdatum abweichen) <br \/>Gesch\u00e4ftsf\u00fchrerIn gewerberechtlich: Mag. Peter Paces <br \/>Berufszweig: Personaldienstleister (Arbeitskr\u00e4ftevermittler)<\/p><\/div><div class=\"col-sm-4\"><p><strong>GISA-Zahl:\u00a0<\/strong>30720633<\/p><\/div><div class=\"col-sm-4\"><p><strong>Beh\u00f6rde gem. ECG (E-Commerce Gesetz)<\/strong><\/p><p>Magistratisches Bezirksamt des XIX. Bezirkes<\/p><\/div><\/div><\/div><div class=\"box-berechtigung showmore\"><ul class=\"link-list link-list--dotted\"><li><a id=\"ctl00_SectionPlaceHolder_agbsBoxes_ctl00_agbsFields_ctl01_fachgruppen_ctl01_BranchenPageLink\" class=\"link-list__link\" title=\"FG Unternehmensberatung, Buchhaltung und Informationstechn.\" href=\"https:\/\/www.wko.at\/service\/dienststelle.html?orgid=19017\" target=\"_blank\" rel=\"noopener\">FG Unternehmensberatung, Buchhaltung und Informationstechn.<\/a><\/li><\/ul><div class=\"row\"><div class=\"col-xs-12\"><p><strong>Unternehmensberatung einschlie\u00dflich der Unternehmensorganisation, eingeschr\u00e4nkt auf Personalwesen, Marketing und Vertrieb<\/strong><\/p><p>Seit 10.10.2017 f\u00fcr den Standort 1190 Wien, Paradisgasse 14\/5 (kann vom Gr\u00fcndungsdatum abweichen)<br \/>Gesch\u00e4ftsf\u00fchrerIn gewerberechtlich: Mag. Peter Paces <br \/>Berufszweig: Unternehmensberatung<\/p><\/div><div class=\"col-sm-4\"><p><strong>GISA-Zahl:\u00a0<\/strong>29897476<\/p><\/div><div class=\"col-sm-4\"><p><strong>Beh\u00f6rde gem. ECG (E-Commerce Gesetz)<\/strong><\/p><p>Magistratisches Bezirksamt des XIX. Bezirkes<\/p><\/div><\/div><\/div><\/div><p class=\"font_8\">Firmensitz:\u00a0Paradisgasse 14,\u00a01190\u00a0Wien<\/p><p class=\"font_8\">Kundenb\u00fcro: Saarplatz 17, 1190 Wien<\/p><p class=\"font_8\">Tel.: +43 1 9978077<br \/>E-Mail:\u00a0<a href=\"mailto:office@feliciter-consulting.com\" target=\"_self\" data-content=\"office@feliciter-consulting.com\" data-type=\"mail\">office@feliciter-consulting.com<\/a><\/p>\t\t\t\t\t\t\t\t<\/div>\n\t\t\t\t<\/div>\n\t\t\t\t\t<\/div>\n\t\t<\/div>\n\t\t\t\t\t<\/div>\n\t\t<\/section>\n\t\t\t\t<\/div>\n\t\t","protected":false},"excerpt":{"rendered":"<p>Impressum Der Personalist.com ist ein Gemeinschaftsprojekt von und Informationspflicht laut \u00a75 E-Commerce Gesetz, \u00a714 Unternehmensgesetzbuch, \u00a763 Gewerbeordnung und Offenlegungspflicht laut \u00a725 Mediengesetz Feliciter Consulting und Dienstleistungs GmbH Unternehmensgegenstand:\u00a0ConsultingUID-Nummer:\u00a0ATU72736104 Firmenbuchnummer:\u00a0474342 mFirmenbuchgericht: Handelsgericht\u00a0Wien Gewerbeberechtigungen: FG Gewerbliche Dienstleister Arbeitsvermittlung Seit 07.06.2018 f\u00fcr den Standort 1190 Wien, Paradisgasse 14 (kann vom Gr\u00fcndungsdatum abweichen) Gesch\u00e4ftsf\u00fchrerIn gewerberechtlich: Mag. Peter Paces Berufszweig: &#8230; <a title=\"Legal notice\" class=\"read-more\" href=\"https:\/\/derpersonalist.com\/en\/impressum\/\" aria-label=\"Read more about Impressum\">Read more<\/a><\/p>","protected":false},"author":2,"featured_media":0,"parent":0,"menu_order":0,"comment_status":"closed","ping_status":"closed","template":"elementor_header_footer","meta":{"_acf_changed":false,"footnotes":""},"class_list":["post-44","page","type-page","status-publish"],"acf":[],"yoast_head":"<!-- This site is optimized with the Yoast SEO plugin v27.4 - https:\/\/yoast.com\/product\/yoast-seo-wordpress\/ -->\n<title>Impressum - Der Personalist<\/title>\n<meta name=\"robots\" content=\"noindex, nofollow\" \/>\n<meta property=\"og:locale\" content=\"en_US\" \/>\n<meta property=\"og:type\" content=\"article\" \/>\n<meta property=\"og:title\" content=\"Impressum - Der Personalist\" \/>\n<meta property=\"og:description\" content=\"Impressum Der Personalist.com ist ein Gemeinschaftsprojekt von und Informationspflicht laut \u00a75 E-Commerce Gesetz, \u00a714 Unternehmensgesetzbuch, \u00a763 Gewerbeordnung und Offenlegungspflicht laut \u00a725 Mediengesetz Feliciter Consulting und Dienstleistungs GmbH Unternehmensgegenstand:\u00a0ConsultingUID-Nummer:\u00a0ATU72736104 Firmenbuchnummer:\u00a0474342 mFirmenbuchgericht: Handelsgericht\u00a0Wien Gewerbeberechtigungen: FG Gewerbliche Dienstleister Arbeitsvermittlung Seit 07.06.2018 f\u00fcr den Standort 1190 Wien, Paradisgasse 14 (kann vom Gr\u00fcndungsdatum abweichen) Gesch\u00e4ftsf\u00fchrerIn gewerberechtlich: Mag. Peter Paces Berufszweig: ... Read more\" \/>\n<meta property=\"og:url\" content=\"https:\/\/derpersonalist.com\/en\/impressum\/\" \/>\n<meta property=\"og:site_name\" content=\"Der Personalist\" \/>\n<meta property=\"article:modified_time\" content=\"2023-09-10T15:03:35+00:00\" \/>\n<meta property=\"og:image\" content=\"https:\/\/derpersonalist.com\/wp-content\/uploads\/2021\/06\/Feliciter_Logo_85mm-1.jpg\" \/>\n<meta name=\"twitter:card\" content=\"summary_large_image\" \/>\n<meta name=\"twitter:label1\" content=\"Est. reading time\" \/>\n\t<meta name=\"twitter:data1\" content=\"2 minutes\" \/>\n<script type=\"application\/ld+json\" class=\"yoast-schema-graph\">{\"@context\":\"https:\\\/\\\/schema.org\",\"@graph\":[{\"@type\":\"WebPage\",\"@id\":\"https:\\\/\\\/derpersonalist.com\\\/impressum\\\/\",\"url\":\"https:\\\/\\\/derpersonalist.com\\\/impressum\\\/\",\"name\":\"Impressum - Der Personalist\",\"isPartOf\":{\"@id\":\"https:\\\/\\\/derpersonalist.com\\\/#website\"},\"primaryImageOfPage\":{\"@id\":\"https:\\\/\\\/derpersonalist.com\\\/impressum\\\/#primaryimage\"},\"image\":{\"@id\":\"https:\\\/\\\/derpersonalist.com\\\/impressum\\\/#primaryimage\"},\"thumbnailUrl\":\"https:\\\/\\\/derpersonalist.com\\\/wp-content\\\/uploads\\\/2021\\\/06\\\/Feliciter_Logo_85mm-1.jpg\",\"datePublished\":\"2021-04-09T12:39:05+00:00\",\"dateModified\":\"2023-09-10T15:03:35+00:00\",\"breadcrumb\":{\"@id\":\"https:\\\/\\\/derpersonalist.com\\\/impressum\\\/#breadcrumb\"},\"inLanguage\":\"en-US\",\"potentialAction\":[{\"@type\":\"ReadAction\",\"target\":[\"https:\\\/\\\/derpersonalist.com\\\/impressum\\\/\"]}]},{\"@type\":\"ImageObject\",\"inLanguage\":\"en-US\",\"@id\":\"https:\\\/\\\/derpersonalist.com\\\/impressum\\\/#primaryimage\",\"url\":\"https:\\\/\\\/derpersonalist.com\\\/wp-content\\\/uploads\\\/2021\\\/06\\\/Feliciter_Logo_85mm-1.jpg\",\"contentUrl\":\"https:\\\/\\\/derpersonalist.com\\\/wp-content\\\/uploads\\\/2021\\\/06\\\/Feliciter_Logo_85mm-1.jpg\"},{\"@type\":\"BreadcrumbList\",\"@id\":\"https:\\\/\\\/derpersonalist.com\\\/impressum\\\/#breadcrumb\",\"itemListElement\":[{\"@type\":\"ListItem\",\"position\":1,\"name\":\"Startseite\",\"item\":\"https:\\\/\\\/derpersonalist.com\\\/\"},{\"@type\":\"ListItem\",\"position\":2,\"name\":\"Impressum\"}]},{\"@type\":\"WebSite\",\"@id\":\"https:\\\/\\\/derpersonalist.com\\\/#website\",\"url\":\"https:\\\/\\\/derpersonalist.com\\\/\",\"name\":\"Der Personalist\",\"description\":\"Personalverwaltung und Lohnverrechnung\",\"publisher\":{\"@id\":\"https:\\\/\\\/derpersonalist.com\\\/#organization\"},\"potentialAction\":[{\"@type\":\"SearchAction\",\"target\":{\"@type\":\"EntryPoint\",\"urlTemplate\":\"https:\\\/\\\/derpersonalist.com\\\/?s={search_term_string}\"},\"query-input\":{\"@type\":\"PropertyValueSpecification\",\"valueRequired\":true,\"valueName\":\"search_term_string\"}}],\"inLanguage\":\"en-US\"},{\"@type\":\"Organization\",\"@id\":\"https:\\\/\\\/derpersonalist.com\\\/#organization\",\"name\":\"Der Personalist\",\"url\":\"https:\\\/\\\/derpersonalist.com\\\/\",\"logo\":{\"@type\":\"ImageObject\",\"inLanguage\":\"en-US\",\"@id\":\"https:\\\/\\\/derpersonalist.com\\\/#\\\/schema\\\/logo\\\/image\\\/\",\"url\":\"https:\\\/\\\/derpersonalist.com\\\/wp-content\\\/uploads\\\/2021\\\/08\\\/cropped-DerPersonalist_logo_neu.png\",\"contentUrl\":\"https:\\\/\\\/derpersonalist.com\\\/wp-content\\\/uploads\\\/2021\\\/08\\\/cropped-DerPersonalist_logo_neu.png\",\"width\":2560,\"height\":816,\"caption\":\"Der Personalist\"},\"image\":{\"@id\":\"https:\\\/\\\/derpersonalist.com\\\/#\\\/schema\\\/logo\\\/image\\\/\"}}]}<\/script>\n<!-- \/ Yoast SEO plugin. -->","yoast_head_json":{"title":"Legal notice - Der Personalist","robots":{"index":"noindex","follow":"nofollow"},"og_locale":"en_US","og_type":"article","og_title":"Impressum - Der Personalist","og_description":"Impressum Der Personalist.com ist ein Gemeinschaftsprojekt von und Informationspflicht laut \u00a75 E-Commerce Gesetz, \u00a714 Unternehmensgesetzbuch, \u00a763 Gewerbeordnung und Offenlegungspflicht laut \u00a725 Mediengesetz Feliciter Consulting und Dienstleistungs GmbH Unternehmensgegenstand:\u00a0ConsultingUID-Nummer:\u00a0ATU72736104 Firmenbuchnummer:\u00a0474342 mFirmenbuchgericht: Handelsgericht\u00a0Wien Gewerbeberechtigungen: FG Gewerbliche Dienstleister Arbeitsvermittlung Seit 07.06.2018 f\u00fcr den Standort 1190 Wien, Paradisgasse 14 (kann vom Gr\u00fcndungsdatum abweichen) Gesch\u00e4ftsf\u00fchrerIn gewerberechtlich: Mag. Peter Paces Berufszweig: ... Read more","og_url":"https:\/\/derpersonalist.com\/en\/impressum\/","og_site_name":"Der Personalist","article_modified_time":"2023-09-10T15:03:35+00:00","og_image":[{"url":"https:\/\/derpersonalist.com\/wp-content\/uploads\/2021\/06\/Feliciter_Logo_85mm-1.jpg","type":"","width":"","height":""}],"twitter_card":"summary_large_image","twitter_misc":{"Est. reading time":"2 minutes"},"schema":{"@context":"https:\/\/schema.org","@graph":[{"@type":"WebPage","@id":"https:\/\/derpersonalist.com\/impressum\/","url":"https:\/\/derpersonalist.com\/impressum\/","name":"Legal notice - Der Personalist","isPartOf":{"@id":"https:\/\/derpersonalist.com\/#website"},"primaryImageOfPage":{"@id":"https:\/\/derpersonalist.com\/impressum\/#primaryimage"},"image":{"@id":"https:\/\/derpersonalist.com\/impressum\/#primaryimage"},"thumbnailUrl":"https:\/\/derpersonalist.com\/wp-content\/uploads\/2021\/06\/Feliciter_Logo_85mm-1.jpg","datePublished":"2021-04-09T12:39:05+00:00","dateModified":"2023-09-10T15:03:35+00:00","breadcrumb":{"@id":"https:\/\/derpersonalist.com\/impressum\/#breadcrumb"},"inLanguage":"en-US","potentialAction":[{"@type":"ReadAction","target":["https:\/\/derpersonalist.com\/impressum\/"]}]},{"@type":"ImageObject","inLanguage":"en-US","@id":"https:\/\/derpersonalist.com\/impressum\/#primaryimage","url":"https:\/\/derpersonalist.com\/wp-content\/uploads\/2021\/06\/Feliciter_Logo_85mm-1.jpg","contentUrl":"https:\/\/derpersonalist.com\/wp-content\/uploads\/2021\/06\/Feliciter_Logo_85mm-1.jpg"},{"@type":"BreadcrumbList","@id":"https:\/\/derpersonalist.com\/impressum\/#breadcrumb","itemListElement":[{"@type":"ListItem","position":1,"name":"Startseite","item":"https:\/\/derpersonalist.com\/"},{"@type":"ListItem","position":2,"name":"Impressum"}]},{"@type":"WebSite","@id":"https:\/\/derpersonalist.com\/#website","url":"https:\/\/derpersonalist.com\/","name":"Der Personalist","description":"Human resources management and payroll","publisher":{"@id":"https:\/\/derpersonalist.com\/#organization"},"potentialAction":[{"@type":"SearchAction","target":{"@type":"EntryPoint","urlTemplate":"https:\/\/derpersonalist.com\/?s={search_term_string}"},"query-input":{"@type":"PropertyValueSpecification","valueRequired":true,"valueName":"search_term_string"}}],"inLanguage":"en-US"},{"@type":"Organization","@id":"https:\/\/derpersonalist.com\/#organization","name":"Der Personalist","url":"https:\/\/derpersonalist.com\/","logo":{"@type":"ImageObject","inLanguage":"en-US","@id":"https:\/\/derpersonalist.com\/#\/schema\/logo\/image\/","url":"https:\/\/derpersonalist.com\/wp-content\/uploads\/2021\/08\/cropped-DerPersonalist_logo_neu.png","contentUrl":"https:\/\/derpersonalist.com\/wp-content\/uploads\/2021\/08\/cropped-DerPersonalist_logo_neu.png","width":2560,"height":816,"caption":"Der Personalist"},"image":{"@id":"https:\/\/derpersonalist.com\/#\/schema\/logo\/image\/"}}]}},"_links":{"self":[{"href":"https:\/\/derpersonalist.com\/en\/wp-json\/wp\/v2\/pages\/44","targetHints":{"allow":["GET"]}}],"collection":[{"href":"https:\/\/derpersonalist.com\/en\/wp-json\/wp\/v2\/pages"}],"about":[{"href":"https:\/\/derpersonalist.com\/en\/wp-json\/wp\/v2\/types\/page"}],"author":[{"embeddable":true,"href":"https:\/\/derpersonalist.com\/en\/wp-json\/wp\/v2\/users\/2"}],"replies":[{"embeddable":true,"href":"https:\/\/derpersonalist.com\/en\/wp-json\/wp\/v2\/comments?post=44"}],"version-history":[{"count":0,"href":"https:\/\/derpersonalist.com\/en\/wp-json\/wp\/v2\/pages\/44\/revisions"}],"wp:attachment":[{"href":"https:\/\/derpersonalist.com\/en\/wp-json\/wp\/v2\/media?parent=44"}],"curies":[{"name":"wp","href":"https:\/\/api.w.org\/{rel}","templated":true}]}}